{"id":360,"date":"2025-05-23T22:38:58","date_gmt":"2025-05-23T20:38:58","guid":{"rendered":"https:\/\/www.gedankenspiel-resilienztraining.de\/?page_id=360"},"modified":"2025-05-24T14:38:08","modified_gmt":"2025-05-24T12:38:08","slug":"360-2","status":"publish","type":"page","link":"https:\/\/www.gedankenspiel-resilienztraining.de\/?page_id=360","title":{"rendered":"impressum"},"content":{"rendered":"\n[et_pb_section fb_built=&#8220;1&#8243; admin_label=&#8220;Header&#8220; _builder_version=&#8220;4.27.4&#8243; _module_preset=&#8220;default&#8220; background_color=&#8220;#f2fcff&#8220; custom_padding=&#8220;||||false|false&#8220; global_colors_info=&#8220;{}&#8220;][et_pb_row column_structure=&#8220;1_2,1_2&#8243; _builder_version=&#8220;4.16&#8243; _module_preset=&#8220;default&#8220; custom_margin=&#8220;||70px||false|false&#8220; custom_margin_tablet=&#8220;||0px||false|false&#8220; custom_margin_phone=&#8220;&#8220; custom_margin_last_edited=&#8220;on|phone&#8220; global_colors_info=&#8220;{}&#8220;][et_pb_column type=&#8220;1_2&#8243; _builder_version=&#8220;4.16&#8243; _module_preset=&#8220;default&#8220; custom_padding=&#8220;6%||||false|false&#8220; global_colors_info=&#8220;{}&#8220;][et_pb_text _builder_version=&#8220;4.27.4&#8243; _module_preset=&#8220;default&#8220; header_font=&#8220;Lora|500|||||||&#8220; header_text_color=&#8220;#003E51&#8243; header_font_size=&#8220;53px&#8220; header_line_height=&#8220;1.2em&#8220; header_2_font=&#8220;Open Sans|700||on|||||&#8220; header_2_text_color=&#8220;rgba(44,44,44,0.5)&#8220; header_2_font_size=&#8220;12px&#8220; header_2_letter_spacing=&#8220;1px&#8220; header_2_line_height=&#8220;1.3em&#8220; header_5_font=&#8220;Open Sans|&#8211;et_global_heading_font_weight|||||||&#8220; header_5_text_color=&#8220;#000000&#8243; header_5_font_size=&#8220;16px&#8220; custom_margin=&#8220;|-281px|||false|false&#8220; text_font_size_tablet=&#8220;&#8220; text_font_size_phone=&#8220;&#8220; text_font_size_last_edited=&#8220;on|desktop&#8220; header_font_size_tablet=&#8220;44px&#8220; header_font_size_phone=&#8220;32px&#8220; header_font_size_last_edited=&#8220;on|phone&#8220; inline_fonts=&#8220;Open Sans&#8220; global_colors_info=&#8220;{%22gcid-primary-color%22:%91%22link_text_color%22,%22link_text_color%22%93,%22gcid-heading-color%22:%91%22header_text_color%22,%22header_4_text_color%22,%22header_3_text_color%22,%22header_2_text_color%22,%22header_6_text_color%22,%22quote_text_color%22,%22header_text_color%22,%22header_4_text_color%22,%22header_3_text_color%22,%22header_2_text_color%22,%22header_6_text_color%22,%22quote_text_color%22%93,%22gcid-body-color%22:%91%22text_text_color%22,%22text_text_color%22%93,%22gcid-secondary-color%22:%91%22quote_border_color%22,%22quote_border_color%22%93}&#8220;]<h1>Impressum<\/h1>\n<blockquote>\n<h5><strong><span style=\"font-family: 'Open Sans'; color: #494949; font-size: medium;\">Gedankenspiel \u2013 Resilienztraining &amp; Coaching<\/span><\/strong><\/h5>\n<h5 class=\"p2\"><span style=\"font-family: 'Open Sans'; font-size: medium; font-weight: normal;\"><span style=\"color: #494949;\">Inhaberin:<span class=\"Apple-converted-space\"><br \/><\/span><\/span><span style=\"color: #494949;\">Katharina Henselewski<br \/><\/span><span style=\"color: #494949;\">Im Luftfeld 64<br \/><\/span><span style=\"color: #494949;\">40489 D\u00fcsseldorf<\/span><\/span><\/h5>\n<h5 class=\"p1\"><span style=\"font-family: 'Open Sans'; font-size: medium; font-weight: normal;\"><span style=\"color: #494949;\">Kontaktm\u00f6glichkeiten:<br \/><\/span><span style=\"color: #494949;\">Telefon: +49 (0) 177 43 32 259<br \/><\/span><span style=\"color: #494949;\">E-Mail: hallo@gedankenspiel-resilienztraining.de<\/span><\/span><\/h5>\n<\/blockquote>[\/et_pb_text][et_pb_text _builder_version=&#8220;4.27.4&#8243; _module_preset=&#8220;default&#8220; text_font=&#8220;Open Sans|&#8211;et_global_body_font_weight|||||||&#8220; text_text_color=&#8220;#E02B20&#8243; inline_fonts=&#8220;Open Sans&#8220; global_colors_info=&#8220;{%22gcid-primary-color%22:%91%22link_text_color%22,%22link_text_color%22%93,%22gcid-heading-color%22:%91%22header_text_color%22,%22header_4_text_color%22,%22header_3_text_color%22,%22header_2_text_color%22,%22header_5_text_color%22,%22header_6_text_color%22,%22quote_text_color%22,%22header_text_color%22,%22header_4_text_color%22,%22header_3_text_color%22,%22header_2_text_color%22,%22header_5_text_color%22,%22header_6_text_color%22,%22quote_text_color%22%93,%22gcid-secondary-color%22:%91%22quote_border_color%22,%22quote_border_color%22%93}&#8220;]<p class=\"p1\"><span style=\"font-family: 'Open Sans';\"><span style=\"font-weight: normal; font-size: medium; color: #494949;\"><b>Inhaltlich Verantwortlicher gem\u00e4\u00df \u00a75 TMG:<span class=\"Apple-converted-space\"><br \/><\/span><\/b><\/span><span style=\"font-weight: normal;\"><span style=\"color: #494949; font-size: medium;\">Katharina Henselewski<br \/><\/span><span style=\"color: #494949; font-size: medium;\">E-Mail: hallo@gedankenspiel-resilienztraining.de<\/span><\/span><\/span><\/p>[\/et_pb_text][et_pb_text _builder_version=&#8220;4.27.4&#8243; _module_preset=&#8220;default&#8220; text_font=&#8220;Open Sans|&#8211;et_global_body_font_weight|||||||&#8220; text_text_color=&#8220;#E02B20&#8243; inline_fonts=&#8220;Open Sans&#8220; global_colors_info=&#8220;{%22gcid-primary-color%22:%91%22link_text_color%22,%22link_text_color%22%93,%22gcid-heading-color%22:%91%22header_text_color%22,%22header_4_text_color%22,%22header_3_text_color%22,%22header_2_text_color%22,%22header_5_text_color%22,%22header_6_text_color%22,%22quote_text_color%22,%22header_text_color%22,%22header_4_text_color%22,%22header_3_text_color%22,%22header_2_text_color%22,%22header_5_text_color%22,%22header_6_text_color%22,%22quote_text_color%22%93,%22gcid-secondary-color%22:%91%22quote_border_color%22,%22quote_border_color%22%93}&#8220;]<p class=\"p1\"><span style=\"font-family: 'Open Sans';\"><span style=\"font-weight: normal; font-size: medium; color: #494949;\"><b>Inhaltlich Verantwortlicher gem\u00e4\u00df \u00a755 Abs.2 RStV:<span class=\"Apple-converted-space\"><br \/><\/span><\/b><\/span><span style=\"font-weight: normal;\"><span style=\"color: #494949; font-size: medium;\">Katharina Henselewski<br \/><\/span><span style=\"color: #494949; font-size: medium;\">E-Mail: hallo@gedankenspiel-resilienztraining.de<\/span><\/span><\/span><\/p>[\/et_pb_text][et_pb_text _builder_version=&#8220;4.27.4&#8243; _module_preset=&#8220;default&#8220; text_font=&#8220;Open Sans|&#8211;et_global_body_font_weight|||||||&#8220; text_text_color=&#8220;#E02B20&#8243; inline_fonts=&#8220;Open Sans&#8220; global_colors_info=&#8220;{%22gcid-primary-color%22:%91%22link_text_color%22,%22link_text_color%22%93,%22gcid-heading-color%22:%91%22header_text_color%22,%22header_4_text_color%22,%22header_3_text_color%22,%22header_2_text_color%22,%22header_5_text_color%22,%22header_6_text_color%22,%22quote_text_color%22,%22header_text_color%22,%22header_4_text_color%22,%22header_3_text_color%22,%22header_2_text_color%22,%22header_5_text_color%22,%22header_6_text_color%22,%22quote_text_color%22%93,%22gcid-secondary-color%22:%91%22quote_border_color%22,%22quote_border_color%22%93}&#8220;]<p class=\"p1\"><span style=\"font-family: 'Open Sans';\"><span style=\"font-weight: normal; font-size: medium; color: #494949;\"><b>Bildnachweise:<span class=\"Apple-converted-space\"><br \/><\/span><\/b><\/span><span style=\"font-weight: normal;\"><span style=\"color: #494949; font-size: medium;\">Die verwendeten Bilder stammen von:<br data-start=\"1537\" data-end=\"1540\" \/>\u2013 \u00a9 Katharina Henselewski<br data-start=\"1567\" data-end=\"1570\" \/>\u2013 Canva Pro<br data-start=\"1583\" data-end=\"1586\" \/>\u2013 Unsplash \/ Fotograf: [Name]<\/span><\/span><\/span><\/p>[\/et_pb_text][et_pb_text _builder_version=&#8220;4.27.4&#8243; _module_preset=&#8220;default&#8220; text_font=&#8220;Open Sans|&#8211;et_global_body_font_weight|||||||&#8220; text_text_color=&#8220;#E02B20&#8243; inline_fonts=&#8220;Open Sans&#8220; global_colors_info=&#8220;{%22gcid-primary-color%22:%91%22link_text_color%22,%22link_text_color%22%93,%22gcid-heading-color%22:%91%22header_text_color%22,%22header_4_text_color%22,%22header_3_text_color%22,%22header_2_text_color%22,%22header_5_text_color%22,%22header_6_text_color%22,%22quote_text_color%22,%22header_text_color%22,%22header_4_text_color%22,%22header_3_text_color%22,%22header_2_text_color%22,%22header_5_text_color%22,%22header_6_text_color%22,%22quote_text_color%22%93,%22gcid-secondary-color%22:%91%22quote_border_color%22,%22quote_border_color%22%93}&#8220; custom_margin=&#8220;|-349px|||false|false&#8220;]<p class=\"p1\"><span style=\"font-family: 'Open Sans'; font-weight: normal;\"><span style=\"color: #494949;\"><b>E<span style=\"color: #494949;\">urop\u00e4ische Online-Streitbeilegungs-Plattform<\/span><\/b><span style=\"font-size: medium;\"><b>:<span class=\"Apple-converted-space\"><br \/><\/span><\/b><\/span>Seit dem 15. Februar 2016 stellt die EU-Kommission eine Plattform f\u00fcr au\u00dfergerichtliche Streitschlichtung bereit. Als Verbraucher gibt dies die M\u00f6glichkeit, Streitigkeiten im Zusammenhang mit der Online-Bestellung zun\u00e4chst ohne die Einschaltung eines Gerichts zu kl\u00e4ren. Die Streitbeilegungs-Plattform unter dem externen Link <span class=\"s2\"> <\/span><span style=\"text-decoration: underline;\"><span class=\"s1\"><a href=\"https:\/\/webgate.ec.europa.eu\/odr\/main\/index.cfm?event=main.adr.show\">https:\/\/webgate.ec.europa.eu\/odr\/main\/index.cfm?event=main.adr.show<\/a> <\/span><\/span>erreichbar.<\/span><\/span><\/p>[\/et_pb_text][\/et_pb_column][et_pb_column type=&#8220;1_2&#8243; _builder_version=&#8220;4.16&#8243; _module_preset=&#8220;default&#8220; global_colors_info=&#8220;{}&#8220;][\/et_pb_column][\/et_pb_row][\/et_pb_section]\n","protected":false},"excerpt":{"rendered":"<p>Impressum Gedankenspiel \u2013 Resilienztraining &amp; Coaching Inhaberin:Katharina HenselewskiIm Luftfeld 6440489 D\u00fcsseldorf Kontaktm\u00f6glichkeiten:Telefon: +49 (0) 177 43 32 259E-Mail: hallo@gedankenspiel-resilienztraining.de Inhaltlich Verantwortlicher gem\u00e4\u00df \u00a75 TMG:Katharina HenselewskiE-Mail: hallo@gedankenspiel-resilienztraining.deInhaltlich Verantwortlicher gem\u00e4\u00df \u00a755 Abs.2 RStV:Katharina HenselewskiE-Mail: hallo@gedankenspiel-resilienztraining.deBildnachweise:Die verwendeten Bilder stammen von:\u2013 \u00a9 Katharina Henselewski\u2013 Canva Pro\u2013 Unsplash \/ Fotograf: [Name]Europ\u00e4ische Online-Streitbeilegungs-Plattform:Seit dem 15. Februar 2016 stellt die EU-Kommission eine [&hellip;]<\/p>\n","protected":false},"author":2,"featured_media":0,"parent":0,"menu_order":0,"comment_status":"closed","ping_status":"closed","template":"","meta":{"_et_pb_use_builder":"on","_et_pb_old_content":"","_et_gb_content_width":"","footnotes":""},"class_list":["post-360","page","type-page","status-publish","hentry"],"_links":{"self":[{"href":"https:\/\/www.gedankenspiel-resilienztraining.de\/index.php?rest_route=\/wp\/v2\/pages\/360","targetHints":{"allow":["GET"]}}],"collection":[{"href":"https:\/\/www.gedankenspiel-resilienztraining.de\/index.php?rest_route=\/wp\/v2\/pages"}],"about":[{"href":"https:\/\/www.gedankenspiel-resilienztraining.de\/index.php?rest_route=\/wp\/v2\/types\/page"}],"author":[{"embeddable":true,"href":"https:\/\/www.gedankenspiel-resilienztraining.de\/index.php?rest_route=\/wp\/v2\/users\/2"}],"replies":[{"embeddable":true,"href":"https:\/\/www.gedankenspiel-resilienztraining.de\/index.php?rest_route=%2Fwp%2Fv2%2Fcomments&post=360"}],"version-history":[{"count":12,"href":"https:\/\/www.gedankenspiel-resilienztraining.de\/index.php?rest_route=\/wp\/v2\/pages\/360\/revisions"}],"predecessor-version":[{"id":381,"href":"https:\/\/www.gedankenspiel-resilienztraining.de\/index.php?rest_route=\/wp\/v2\/pages\/360\/revisions\/381"}],"wp:attachment":[{"href":"https:\/\/www.gedankenspiel-resilienztraining.de\/index.php?rest_route=%2Fwp%2Fv2%2Fmedia&parent=360"}],"curies":[{"name":"wp","href":"https:\/\/api.w.org\/{rel}","templated":true}]}}